{"id":1487,"date":"2018-07-09T07:35:29","date_gmt":"2018-07-09T06:35:29","guid":{"rendered":"https:\/\/dev.neumaticosiruna.com\/nosotros\/"},"modified":"2023-10-18T08:08:17","modified_gmt":"2023-10-18T07:08:17","slug":"nor-gara","status":"publish","type":"page","link":"https:\/\/dev.neumaticosiruna.com\/eu\/nor-gara\/","title":{"rendered":"Nor gara"},"content":{"rendered":"<p>Neum\u00e1ticos Iru\u00f1an, oso gauza erraza da automobilaren mekanika:<\/p>\n<p>Zure ibilgailua oso-osorik eta doan aztertuko dugu, eta haren egoerari buruzko txosten bat emango dizugu.<br \/>\nGainera, WhatsApp bidez jakinaraziko dizugu noiz etorri behar duzun berriro gure tailerrera pneumatikoak edo balaztak aldatzera, edo IATa egitera. Zure ibilgailuak behar duena, horixe bakarrik gomendatuko dizugu.<br \/>\nEz zaitez estutu: gu arduratuko gara zure autoaz, eta erraza, hurbila eta argia izango da haren mekanika-prozesu osoa.<\/p>\n<p>Hauek dira gure<br \/>\n10 abantaila nagusiak<\/p>\n","protected":false},"excerpt":{"rendered":"<p>Neum\u00e1ticos Iru\u00f1an, oso gauza erraza da automobilaren mekanika: Zure ibilgailua oso-osorik eta doan aztertuko dugu, eta haren egoerari buruzko txosten bat emango dizugu. Gainera, WhatsApp bidez jakinaraziko dizugu noiz etorri behar duzun berriro gure tailerrera pneumatikoak edo balaztak aldatzera, edo IATa egitera. Zure ibilgailuak behar duena, horixe bakarrik gomendatuko dizugu. Ez zaitez estutu: gu arduratuko &hellip; <a href=\"https:\/\/dev.neumaticosiruna.com\/eu\/nor-gara\/\">Continued<\/a><\/p>\n","protected":false},"author":1,"featured_media":1251,"parent":0,"menu_order":2,"comment_status":"closed","ping_status":"closed","template":"views\/page-nosotros.blade.php","meta":{"inline_featured_image":false,"footnotes":""},"acf":[],"yoast_head":"<!-- This site is optimized with the Yoast SEO plugin v21.5 - https:\/\/yoast.com\/wordpress\/plugins\/seo\/ -->\n<title>Nor gara - Neum\u00e1ticos Iru\u00f1a<\/title>\n<meta name=\"robots\" content=\"index, follow, max-snippet:-1, max-image-preview:large, max-video-preview:-1\" \/>\n<link rel=\"canonical\" href=\"https:\/\/dev.neumaticosiruna.com\/eu\/nor-gara\/\" \/>\n<meta property=\"og:locale\" content=\"eu_ES\" \/>\n<meta property=\"og:type\" content=\"article\" \/>\n<meta property=\"og:title\" content=\"Nor gara - Neum\u00e1ticos Iru\u00f1a\" \/>\n<meta property=\"og:description\" content=\"Neum\u00e1ticos Iru\u00f1an, oso gauza erraza da automobilaren mekanika: Zure ibilgailua oso-osorik eta doan aztertuko dugu, eta haren egoerari buruzko txosten bat emango dizugu. Gainera, WhatsApp bidez jakinaraziko dizugu noiz etorri behar duzun berriro gure tailerrera pneumatikoak edo balaztak aldatzera, edo IATa egitera. Zure ibilgailuak behar duena, horixe bakarrik gomendatuko dizugu. Ez zaitez estutu: gu arduratuko &hellip; Continued\" \/>\n<meta property=\"og:url\" content=\"https:\/\/dev.neumaticosiruna.com\/eu\/nor-gara\/\" \/>\n<meta property=\"og:site_name\" content=\"Neum\u00e1ticos Iru\u00f1a\" \/>\n<meta property=\"article:modified_time\" content=\"2023-10-18T07:08:17+00:00\" \/>\n<meta property=\"og:image\" content=\"https:\/\/dev.neumaticosiruna.com\/wp-content\/uploads\/2018\/10\/berrioplano.jpg\" \/>\n\t<meta property=\"og:image:width\" content=\"3628\" \/>\n\t<meta property=\"og:image:height\" content=\"2268\" \/>\n\t<meta property=\"og:image:type\" content=\"image\/jpeg\" \/>\n<meta name=\"twitter:card\" content=\"summary_large_image\" \/>\n<meta name=\"twitter:label1\" content=\"Est. reading time\" \/>\n\t<meta name=\"twitter:data1\" content=\"1 minute\" \/>\n<script type=\"application\/ld+json\" class=\"yoast-schema-graph\">{\"@context\":\"https:\/\/schema.org\",\"@graph\":[{\"@type\":\"WebPage\",\"@id\":\"https:\/\/dev.neumaticosiruna.com\/eu\/nor-gara\/\",\"url\":\"https:\/\/dev.neumaticosiruna.com\/eu\/nor-gara\/\",\"name\":\"Nor gara - Neum\u00e1ticos Iru\u00f1a\",\"isPartOf\":{\"@id\":\"https:\/\/dev.neumaticosiruna.com\/#website\"},\"datePublished\":\"2018-07-09T06:35:29+00:00\",\"dateModified\":\"2023-10-18T07:08:17+00:00\",\"breadcrumb\":{\"@id\":\"https:\/\/dev.neumaticosiruna.com\/eu\/nor-gara\/#breadcrumb\"},\"inLanguage\":\"eu-ES\",\"potentialAction\":[{\"@type\":\"ReadAction\",\"target\":[\"https:\/\/dev.neumaticosiruna.com\/eu\/nor-gara\/\"]}]},{\"@type\":\"BreadcrumbList\",\"@id\":\"https:\/\/dev.neumaticosiruna.com\/eu\/nor-gara\/#breadcrumb\",\"itemListElement\":[{\"@type\":\"ListItem\",\"position\":1,\"name\":\"Portada\",\"item\":\"https:\/\/dev.neumaticosiruna.com\/eu\/\"},{\"@type\":\"ListItem\",\"position\":2,\"name\":\"Nor gara\"}]},{\"@type\":\"WebSite\",\"@id\":\"https:\/\/dev.neumaticosiruna.com\/#website\",\"url\":\"https:\/\/dev.neumaticosiruna.com\/\",\"name\":\"Neum\u00e1ticos Iru\u00f1a\",\"description\":\"\",\"potentialAction\":[{\"@type\":\"SearchAction\",\"target\":{\"@type\":\"EntryPoint\",\"urlTemplate\":\"https:\/\/dev.neumaticosiruna.com\/?s={search_term_string}\"},\"query-input\":\"required name=search_term_string\"}],\"inLanguage\":\"eu-ES\"}]}<\/script>\n<!-- \/ Yoast SEO plugin. -->","yoast_head_json":{"title":"Nor gara - Neum\u00e1ticos Iru\u00f1a","robots":{"index":"index","follow":"follow","max-snippet":"max-snippet:-1","max-image-preview":"max-image-preview:large","max-video-preview":"max-video-preview:-1"},"canonical":"https:\/\/dev.neumaticosiruna.com\/eu\/nor-gara\/","og_locale":"eu_ES","og_type":"article","og_title":"Nor gara - Neum\u00e1ticos Iru\u00f1a","og_description":"Neum\u00e1ticos Iru\u00f1an, oso gauza erraza da automobilaren mekanika: Zure ibilgailua oso-osorik eta doan aztertuko dugu, eta haren egoerari buruzko txosten bat emango dizugu. Gainera, WhatsApp bidez jakinaraziko dizugu noiz etorri behar duzun berriro gure tailerrera pneumatikoak edo balaztak aldatzera, edo IATa egitera. Zure ibilgailuak behar duena, horixe bakarrik gomendatuko dizugu. Ez zaitez estutu: gu arduratuko &hellip; Continued","og_url":"https:\/\/dev.neumaticosiruna.com\/eu\/nor-gara\/","og_site_name":"Neum\u00e1ticos Iru\u00f1a","article_modified_time":"2023-10-18T07:08:17+00:00","og_image":[{"width":3628,"height":2268,"url":"https:\/\/dev.neumaticosiruna.com\/wp-content\/uploads\/2018\/10\/berrioplano.jpg","type":"image\/jpeg"}],"twitter_card":"summary_large_image","twitter_misc":{"Est. reading time":"1 minute"},"schema":{"@context":"https:\/\/schema.org","@graph":[{"@type":"WebPage","@id":"https:\/\/dev.neumaticosiruna.com\/eu\/nor-gara\/","url":"https:\/\/dev.neumaticosiruna.com\/eu\/nor-gara\/","name":"Nor gara - Neum\u00e1ticos Iru\u00f1a","isPartOf":{"@id":"https:\/\/dev.neumaticosiruna.com\/#website"},"datePublished":"2018-07-09T06:35:29+00:00","dateModified":"2023-10-18T07:08:17+00:00","breadcrumb":{"@id":"https:\/\/dev.neumaticosiruna.com\/eu\/nor-gara\/#breadcrumb"},"inLanguage":"eu-ES","potentialAction":[{"@type":"ReadAction","target":["https:\/\/dev.neumaticosiruna.com\/eu\/nor-gara\/"]}]},{"@type":"BreadcrumbList","@id":"https:\/\/dev.neumaticosiruna.com\/eu\/nor-gara\/#breadcrumb","itemListElement":[{"@type":"ListItem","position":1,"name":"Portada","item":"https:\/\/dev.neumaticosiruna.com\/eu\/"},{"@type":"ListItem","position":2,"name":"Nor gara"}]},{"@type":"WebSite","@id":"https:\/\/dev.neumaticosiruna.com\/#website","url":"https:\/\/dev.neumaticosiruna.com\/","name":"Neum\u00e1ticos Iru\u00f1a","description":"","potentialAction":[{"@type":"SearchAction","target":{"@type":"EntryPoint","urlTemplate":"https:\/\/dev.neumaticosiruna.com\/?s={search_term_string}"},"query-input":"required name=search_term_string"}],"inLanguage":"eu-ES"}]}},"_links":{"self":[{"href":"https:\/\/dev.neumaticosiruna.com\/eu\/wp-json\/wp\/v2\/pages\/1487"}],"collection":[{"href":"https:\/\/dev.neumaticosiruna.com\/eu\/wp-json\/wp\/v2\/pages"}],"about":[{"href":"https:\/\/dev.neumaticosiruna.com\/eu\/wp-json\/wp\/v2\/types\/page"}],"author":[{"embeddable":true,"href":"https:\/\/dev.neumaticosiruna.com\/eu\/wp-json\/wp\/v2\/users\/1"}],"replies":[{"embeddable":true,"href":"https:\/\/dev.neumaticosiruna.com\/eu\/wp-json\/wp\/v2\/comments?post=1487"}],"version-history":[{"count":8,"href":"https:\/\/dev.neumaticosiruna.com\/eu\/wp-json\/wp\/v2\/pages\/1487\/revisions"}],"predecessor-version":[{"id":1607,"href":"https:\/\/dev.neumaticosiruna.com\/eu\/wp-json\/wp\/v2\/pages\/1487\/revisions\/1607"}],"wp:featuredmedia":[{"embeddable":true,"href":"https:\/\/dev.neumaticosiruna.com\/eu\/wp-json\/wp\/v2\/media\/1251"}],"wp:attachment":[{"href":"https:\/\/dev.neumaticosiruna.com\/eu\/wp-json\/wp\/v2\/media?parent=1487"}],"curies":[{"name":"wp","href":"https:\/\/api.w.org\/{rel}","templated":true}]}}